{"id":4561,"date":"2022-01-26T10:40:54","date_gmt":"2022-01-26T09:40:54","guid":{"rendered":"https:\/\/diemme.f-service.site\/termini-condizioni\/"},"modified":"2025-02-27T17:04:32","modified_gmt":"2025-02-27T16:04:32","slug":"conditions-generales","status":"publish","type":"page","link":"https:\/\/diemme.f-service.site\/fr\/conditions-generales\/","title":{"rendered":"Conditions g\u00e9n\u00e9rales"},"content":{"rendered":"<div class=\"wpb-content-wrapper\">[vc_row][vc_column]<style>.vcex-breadcrumbs.vcex_69e123303f2f6{font-size:14px;}<\/style><nav class=\"vcex-breadcrumbs vcex-breadcrumbs--links-inherit-color wpex-mb-40 vc_custom_1644222626347 vcex_69e123303f2f6\"><span class=\"trail-begin\"><a href=\"https:\/\/diemme.f-service.site\/fr\/\" rel=\"home\"><span>Home<\/span><\/a><\/span><\/nav><h1 class=\"vcex-heading vcex-heading-plain vcex-module wpex-heading wpex-text-2xl wpex-h1 wpex-mb-50 wpex-text-center\"><span class=\"vcex-heading-inner wpex-inline-block\">Modalit\u00e9s et conditions<\/span><\/h1>[\/vc_column][\/vc_row][vc_row css=\u00a0\u00bb.vc_custom_1643729272946{padding-bottom: 30px !important;}\u00a0\u00bb][vc_column]<style>.vcex-icon-box.vcex_69e1233042db2 .vcex-icon-box-content{color:var(--wpex-accent);}.vcex-icon-box.vcex_69e1233042db2 .vcex-icon-box-heading{margin-bottom:0px;color:#191919;font-size:18px;font-family:'Roboto Slab', sans-serif;font-weight:400;}.vcex-icon-box.vcex_69e1233042db2 .vcex-icon-box-image{width:45px;}<\/style><a class=\"vcex-module vcex-icon-box vcex-icon-box-one vcex-icon-box-has-link wpex-inherit-color wpex-no-underline wpex-flex wpex-items-center wpex-mb-30 wpex-text-left vcex_69e1233042db2\" href=\"https:\/\/diemme.f-service.site\/wp-content\/uploads\/2023\/12\/General-Purchase-conditions-Diemme-Filtration-ENG_rev2023.pdf\" target=\"_blank\" rel=\"noopener noreferrer\"><div class=\"vcex-icon-box-symbol vcex-icon-box-symbol--image wpex-flex-shrink-0 wpex-mr-20\"><img loading=\"lazy\" class=\"vcex-icon-box-image wpex-align-middle\" decoding=\"async\" src=\"https:\/\/diemme.f-service.site\/wp-content\/uploads\/2022\/02\/mdi_download-outline-45x45.png\" alt=\"\" srcset=\"https:\/\/diemme.f-service.site\/wp-content\/uploads\/2022\/02\/mdi_download-outline-45x45.png 45w, https:\/\/diemme.f-service.site\/wp-content\/uploads\/2022\/02\/mdi_download-outline.png 90w, https:\/\/diemme.f-service.site\/wp-content\/uploads\/2022\/02\/mdi_download-outline-45x45@2x.png 2x\" width=\"45\" height=\"45\"><\/div><div class=\"vcex-icon-box-text wpex-flex-grow\"><div class=\"vcex-icon-box-heading wpex-heading\">Conditions g\u00e9n\u00e9rales d'achat<\/div><div class=\"vcex-icon-box-content wpex-last-mb-0 wpex-clr\"><p>T\u00e9l\u00e9charger (PDF, 129 KB)<\/p>\n<\/div><\/div><\/a><style>.vcex-icon-box.vcex_69e1233045d18 .vcex-icon-box-content{color:var(--wpex-accent);}.vcex-icon-box.vcex_69e1233045d18 .vcex-icon-box-heading{margin-bottom:0px;color:#191919;font-size:18px;font-family:'Roboto Slab', sans-serif;font-weight:400;}.vcex-icon-box.vcex_69e1233045d18 .vcex-icon-box-image{width:45px;}<\/style><a class=\"vcex-module vcex-icon-box vcex-icon-box-one vcex-icon-box-has-link wpex-inherit-color wpex-no-underline wpex-flex wpex-items-center wpex-mb-30 wpex-text-left vcex_69e1233045d18\" href=\"https:\/\/diemme.f-service.site\/wp-content\/uploads\/2024\/12\/Aqseptence-Group_Code-of-Conduct_2019_December.pdf\" target=\"_blank\" rel=\"noopener noreferrer\"><div class=\"vcex-icon-box-symbol vcex-icon-box-symbol--image wpex-flex-shrink-0 wpex-mr-20\"><img loading=\"lazy\" class=\"vcex-icon-box-image wpex-align-middle\" decoding=\"async\" src=\"https:\/\/diemme.f-service.site\/wp-content\/uploads\/2022\/02\/mdi_download-outline-45x45.png\" alt=\"\" srcset=\"https:\/\/diemme.f-service.site\/wp-content\/uploads\/2022\/02\/mdi_download-outline-45x45.png 45w, https:\/\/diemme.f-service.site\/wp-content\/uploads\/2022\/02\/mdi_download-outline.png 90w, https:\/\/diemme.f-service.site\/wp-content\/uploads\/2022\/02\/mdi_download-outline-45x45@2x.png 2x\" width=\"45\" height=\"45\"><\/div><div class=\"vcex-icon-box-text wpex-flex-grow\"><div class=\"vcex-icon-box-heading wpex-heading\">Code de conduite (Aqseptence Group)<\/div><div class=\"vcex-icon-box-content wpex-last-mb-0 wpex-clr\"><p>T\u00e9l\u00e9charger (PDF, 177 KB)<\/p>\n<\/div><\/div><\/a><style>.vcex-icon-box.vcex_69e12330473d3 .vcex-icon-box-content{color:var(--wpex-accent);}.vcex-icon-box.vcex_69e12330473d3 .vcex-icon-box-heading{margin-bottom:0px;color:#191919;font-size:18px;font-family:'Roboto Slab', sans-serif;font-weight:400;}.vcex-icon-box.vcex_69e12330473d3 .vcex-icon-box-image{width:45px;}<\/style><a class=\"vcex-module vcex-icon-box vcex-icon-box-one vcex-icon-box-has-link wpex-inherit-color wpex-no-underline wpex-flex wpex-items-center wpex-mb-30 wpex-text-left vcex_69e12330473d3\" href=\"https:\/\/diemme.f-service.site\/wp-content\/uploads\/2022\/04\/Code-of-Conduct-Aqseptence-Group.pdf\" target=\"_blank\" rel=\"noopener noreferrer\"><div class=\"vcex-icon-box-symbol vcex-icon-box-symbol--image wpex-flex-shrink-0 wpex-mr-20\"><img loading=\"lazy\" class=\"vcex-icon-box-image wpex-align-middle\" decoding=\"async\" src=\"https:\/\/diemme.f-service.site\/wp-content\/uploads\/2022\/02\/mdi_download-outline-45x45.png\" alt=\"\" srcset=\"https:\/\/diemme.f-service.site\/wp-content\/uploads\/2022\/02\/mdi_download-outline-45x45.png 45w, https:\/\/diemme.f-service.site\/wp-content\/uploads\/2022\/02\/mdi_download-outline.png 90w, https:\/\/diemme.f-service.site\/wp-content\/uploads\/2022\/02\/mdi_download-outline-45x45@2x.png 2x\" width=\"45\" height=\"45\"><\/div><div class=\"vcex-icon-box-text wpex-flex-grow\"><div class=\"vcex-icon-box-heading wpex-heading\">Code de conduite pour les fournisseurs<\/div><div class=\"vcex-icon-box-content wpex-last-mb-0 wpex-clr\"><p>T\u00e9l\u00e9charger (PDF, 36 KB)<\/p>\n<\/div><\/div><\/a><style>.vcex-icon-box.vcex_69e1233048a3c .vcex-icon-box-content{color:var(--wpex-accent);}.vcex-icon-box.vcex_69e1233048a3c .vcex-icon-box-heading{margin-bottom:0px;color:#191919;font-size:18px;font-family:'Roboto Slab', sans-serif;font-weight:400;}.vcex-icon-box.vcex_69e1233048a3c .vcex-icon-box-image{width:45px;}<\/style><a class=\"vcex-module vcex-icon-box vcex-icon-box-one vcex-icon-box-has-link wpex-inherit-color wpex-no-underline wpex-flex wpex-items-center wpex-mb-30 wpex-text-left vcex_69e1233048a3c\" href=\"https:\/\/diemme.f-service.site\/wp-content\/uploads\/2024\/03\/TC-of-Sales-EN-Diemme-Filtration-S.r.l.-Italy_20_03_2024.pdf\" target=\"_blank\" rel=\"noopener noreferrer\"><div class=\"vcex-icon-box-symbol vcex-icon-box-symbol--image wpex-flex-shrink-0 wpex-mr-20\"><img loading=\"lazy\" class=\"vcex-icon-box-image wpex-align-middle\" decoding=\"async\" src=\"https:\/\/diemme.f-service.site\/wp-content\/uploads\/2022\/02\/mdi_download-outline-45x45.png\" alt=\"\" srcset=\"https:\/\/diemme.f-service.site\/wp-content\/uploads\/2022\/02\/mdi_download-outline-45x45.png 45w, https:\/\/diemme.f-service.site\/wp-content\/uploads\/2022\/02\/mdi_download-outline.png 90w, https:\/\/diemme.f-service.site\/wp-content\/uploads\/2022\/02\/mdi_download-outline-45x45@2x.png 2x\" width=\"45\" height=\"45\"><\/div><div class=\"vcex-icon-box-text wpex-flex-grow\"><div class=\"vcex-icon-box-heading wpex-heading\">Conditions g\u00e9n\u00e9rales de vente<\/div><div class=\"vcex-icon-box-content wpex-last-mb-0 wpex-clr\"><p>T\u00e9l\u00e9charger (PDF, 170 KB)<\/p>\n<\/div><\/div><\/a><style>.vcex-icon-box.vcex_69e123304a164 .vcex-icon-box-content{color:var(--wpex-accent);}.vcex-icon-box.vcex_69e123304a164 .vcex-icon-box-heading{margin-bottom:0px;color:#191919;font-size:18px;font-family:'Roboto Slab', sans-serif;font-weight:400;}.vcex-icon-box.vcex_69e123304a164 .vcex-icon-box-image{width:45px;}<\/style><a class=\"vcex-module vcex-icon-box vcex-icon-box-one vcex-icon-box-has-link wpex-inherit-color wpex-no-underline wpex-flex wpex-items-center wpex-mb-30 wpex-text-left vcex_69e123304a164\" href=\"https:\/\/diemme.f-service.site\/wp-content\/uploads\/2022\/09\/12-18-months-warranty-Diemme_Filtration-eng.pdf\" target=\"_blank\" rel=\"noopener noreferrer\"><div class=\"vcex-icon-box-symbol vcex-icon-box-symbol--image wpex-flex-shrink-0 wpex-mr-20\"><img loading=\"lazy\" class=\"vcex-icon-box-image wpex-align-middle\" decoding=\"async\" src=\"https:\/\/diemme.f-service.site\/wp-content\/uploads\/2022\/02\/mdi_download-outline-45x45.png\" alt=\"\" srcset=\"https:\/\/diemme.f-service.site\/wp-content\/uploads\/2022\/02\/mdi_download-outline-45x45.png 45w, https:\/\/diemme.f-service.site\/wp-content\/uploads\/2022\/02\/mdi_download-outline.png 90w, https:\/\/diemme.f-service.site\/wp-content\/uploads\/2022\/02\/mdi_download-outline-45x45@2x.png 2x\" width=\"45\" height=\"45\"><\/div><div class=\"vcex-icon-box-text wpex-flex-grow\"><div class=\"vcex-icon-box-heading wpex-heading\">Garantie 12-18 mois<\/div><div class=\"vcex-icon-box-content wpex-last-mb-0 wpex-clr\"><p>T\u00e9l\u00e9charger (PDF, 114 KB)<\/p>\n<\/div><\/div><\/a>[\/vc_column][\/vc_row][vc_row remove_bottom_col_margin=\u00a0\u00bbtrue\u00a0\u00bb][vc_column]<div class=\"templatera_shortcode\"><style type=\"text\/css\" data-type=\"vc_shortcodes-custom-css\">.vc_custom_1644307626027{padding-top: 90px !important;padding-bottom: 90px !important;background-image: url(https:\/\/diemme.f-service.site\/wp-content\/uploads\/2022\/01\/CTA-academy-diemme.jpg?id=553) !important;background-position: center !important;background-repeat: no-repeat !important;background-size: cover !important;}<\/style><div class=\"vc_row wpb_row vc_row-fluid vc_custom_1644307626027 wpex-vc-full-width-row wpex-vc-full-width-row--centered wpex-relative wpex-vc_row-has-fill no-bottom-margins wpex-vc-reset-negative-margin wpex-has-overlay wpex-has-overlay--69e123304c192\"><div class=\"wpex-bg-overlay-wrap wpex-absolute wpex-inset-0 wpex-rounded-inherit\"><style class=\"wpex-bg-overlay-css\">.wpex-has-overlay--69e123304c192 > .wpex-bg-overlay-wrap .wpex-bg-overlay{background-color:#000000;opacity:0.3;}<\/style><span class=\"wpex-bg-overlay color wpex-absolute wpex-inset-0 wpex-rounded-inherit wpex-duration-500 wpex-opacity-60 wpex-bg-black\"><\/span><\/div><div class=\"wpb_column vc_column_container vc_col-sm-12\"><div class=\"vc_column-inner\"><div class=\"wpb_wrapper\"><style>.vcex-heading.vcex_69e123304ca56{color:#ffffff;font-size:65px;}@media (max-width:1024px){.vcex-heading.vcex_69e123304ca56{font-size:60px;}}@media (max-width:959px){.vcex-heading.vcex_69e123304ca56{font-size:55px;}}@media (max-width:767px){.vcex-heading.vcex_69e123304ca56{font-size:40px;}}<\/style><h3 class=\"vcex-heading vcex-heading-plain vcex-module wpex-heading wpex-text-2xl wpex-h3 wpex-mb-50 wpex-text-center vcex_69e123304ca56\"><span class=\"vcex-heading-inner wpex-inline-block\">D\u00e9couvrez\r\nnotre Acad\u00e9mie<\/span><\/h3><div class=\"theme-button-wrap textcenter wpex-clr\"><a href=\"https:\/\/academy.diemmefiltration.com\/login\/\" class=\"vcex-button theme-button align-center inline white-border\" title=\"Academy\" target=\"_blank\" rel=\"noopener noreferrer\"><span class=\"vcex-button-inner theme-button-inner wpex-flex wpex-flex-wrap wpex-items-center wpex-justify-center\">Aller \u00e0<span class=\"vcex-button-icon vcex-icon-wrap theme-button-icon-right\"><span aria-hidden=\"true\" class=\"vc-material vc-material-arrow_forward\"><\/span><\/span><\/span><\/a><\/div> <\/div><\/div><\/div><\/div><\/div>[\/vc_column][\/vc_row]\n<\/div>","protected":false},"excerpt":{"rendered":"HomeModalit\u00e9s et conditionsConditions g\u00e9n\u00e9rales d'achatT\u00e9l\u00e9charger (PDF, 129 KB) Code de conduite (Aqseptence Group)T\u00e9l\u00e9charger (PDF, 177 KB) Code de conduite pour les fournisseursT\u00e9l\u00e9charger (PDF, 36 KB) Conditions g\u00e9n\u00e9rales de venteT\u00e9l\u00e9charger (PDF, 170 KB) Garantie 12-18 moisT\u00e9l\u00e9charger (PDF, 114 KB) D\u00e9couvrez notre Acad\u00e9mieAller \u00e0","protected":false},"author":1,"featured_media":0,"parent":0,"menu_order":0,"comment_status":"closed","ping_status":"closed","template":"","meta":{"_acf_changed":false,"inline_featured_image":false,"footnotes":""},"class_list":["post-4561","page","type-page","status-publish","hentry","entry","no-media"],"acf":[],"yoast_head":"<!-- This site is optimized with the Yoast SEO plugin v26.5 - https:\/\/yoast.com\/wordpress\/plugins\/seo\/ -->\n<title>Conditions g\u00e9n\u00e9rales &#187; Diemme Filtration<\/title>\n<meta name=\"robots\" content=\"noindex, follow, max-snippet:-1, max-image-preview:large, max-video-preview:-1\" \/>\n<meta property=\"og:locale\" content=\"fr_FR\" \/>\n<meta property=\"og:type\" content=\"article\" \/>\n<meta property=\"og:title\" content=\"Conditions g\u00e9n\u00e9rales &#187; Diemme Filtration\" \/>\n<meta property=\"og:url\" content=\"https:\/\/diemme.f-service.site\/fr\/conditions-generales\/\" \/>\n<meta property=\"og:site_name\" content=\"Diemme Filtration\" \/>\n<meta property=\"article:publisher\" content=\"https:\/\/www.facebook.com\/diemmefiltration\/\" \/>\n<meta property=\"article:modified_time\" content=\"2025-02-27T16:04:32+00:00\" \/>\n<meta property=\"og:image\" content=\"https:\/\/diemme.f-service.site\/wp-content\/uploads\/2022\/02\/slider-home-1.jpg\" \/>\n\t<meta property=\"og:image:width\" content=\"1600\" \/>\n\t<meta property=\"og:image:height\" content=\"800\" \/>\n\t<meta property=\"og:image:type\" content=\"image\/jpeg\" \/>\n<meta name=\"twitter:card\" content=\"summary_large_image\" \/>\n<script type=\"application\/ld+json\" class=\"yoast-schema-graph\">{\"@context\":\"https:\/\/schema.org\",\"@graph\":[{\"@type\":\"WebPage\",\"@id\":\"https:\/\/diemme.f-service.site\/fr\/conditions-generales\/\",\"url\":\"https:\/\/diemme.f-service.site\/fr\/conditions-generales\/\",\"name\":\"Conditions g\u00e9n\u00e9rales &#187; Diemme Filtration\",\"isPartOf\":{\"@id\":\"https:\/\/diemme.f-service.site\/fr\/#website\"},\"datePublished\":\"2022-01-26T09:40:54+00:00\",\"dateModified\":\"2025-02-27T16:04:32+00:00\",\"breadcrumb\":{\"@id\":\"https:\/\/diemme.f-service.site\/fr\/conditions-generales\/#breadcrumb\"},\"inLanguage\":\"fr-FR\",\"potentialAction\":[{\"@type\":\"ReadAction\",\"target\":[\"https:\/\/diemme.f-service.site\/fr\/conditions-generales\/\"]}]},{\"@type\":\"BreadcrumbList\",\"@id\":\"https:\/\/diemme.f-service.site\/fr\/conditions-generales\/#breadcrumb\",\"itemListElement\":[{\"@type\":\"ListItem\",\"position\":1,\"name\":\"Home\",\"item\":\"https:\/\/diemme.f-service.site\/fr\/\"},{\"@type\":\"ListItem\",\"position\":2,\"name\":\"Conditions g\u00e9n\u00e9rales\"}]},{\"@type\":\"WebSite\",\"@id\":\"https:\/\/diemme.f-service.site\/fr\/#website\",\"url\":\"https:\/\/diemme.f-service.site\/fr\/\",\"name\":\"Diemme Filtration\",\"description\":\"\",\"publisher\":{\"@id\":\"https:\/\/diemme.f-service.site\/fr\/#organization\"},\"potentialAction\":[{\"@type\":\"SearchAction\",\"target\":{\"@type\":\"EntryPoint\",\"urlTemplate\":\"https:\/\/diemme.f-service.site\/fr\/?s={search_term_string}\"},\"query-input\":{\"@type\":\"PropertyValueSpecification\",\"valueRequired\":true,\"valueName\":\"search_term_string\"}}],\"inLanguage\":\"fr-FR\"},{\"@type\":\"Organization\",\"@id\":\"https:\/\/diemme.f-service.site\/fr\/#organization\",\"name\":\"Aqseptence Group Srl (Diemme Filtration)\",\"url\":\"https:\/\/diemme.f-service.site\/fr\/\",\"logo\":{\"@type\":\"ImageObject\",\"inLanguage\":\"fr-FR\",\"@id\":\"https:\/\/diemme.f-service.site\/fr\/#\/schema\/logo\/image\/\",\"url\":\"https:\/\/diemme.f-service.site\/wp-content\/uploads\/2022\/01\/diemme-filtration.png\",\"contentUrl\":\"https:\/\/diemme.f-service.site\/wp-content\/uploads\/2022\/01\/diemme-filtration.png\",\"width\":359,\"height\":188,\"caption\":\"Aqseptence Group Srl (Diemme Filtration)\"},\"image\":{\"@id\":\"https:\/\/diemme.f-service.site\/fr\/#\/schema\/logo\/image\/\"},\"sameAs\":[\"https:\/\/www.facebook.com\/diemmefiltration\/\",\"https:\/\/www.instagram.com\/diemmefiltration\/\",\"https:\/\/it.linkedin.com\/company\/diemme-filtration\/\",\"https:\/\/www.youtube.com\/channel\/UCikKsHCOe_iBLGg9k_1yr8g\/\"]}]}<\/script>\n<!-- \/ Yoast SEO plugin. -->","yoast_head_json":{"title":"Conditions g\u00e9n\u00e9rales &#187; Diemme Filtration","robots":{"index":"noindex","follow":"follow","max-snippet":"max-snippet:-1","max-image-preview":"max-image-preview:large","max-video-preview":"max-video-preview:-1"},"og_locale":"fr_FR","og_type":"article","og_title":"Conditions g\u00e9n\u00e9rales &#187; Diemme Filtration","og_url":"https:\/\/diemme.f-service.site\/fr\/conditions-generales\/","og_site_name":"Diemme Filtration","article_publisher":"https:\/\/www.facebook.com\/diemmefiltration\/","article_modified_time":"2025-02-27T16:04:32+00:00","og_image":[{"width":1600,"height":800,"url":"https:\/\/diemme.f-service.site\/wp-content\/uploads\/2022\/02\/slider-home-1.jpg","type":"image\/jpeg"}],"twitter_card":"summary_large_image","schema":{"@context":"https:\/\/schema.org","@graph":[{"@type":"WebPage","@id":"https:\/\/diemme.f-service.site\/fr\/conditions-generales\/","url":"https:\/\/diemme.f-service.site\/fr\/conditions-generales\/","name":"Conditions g\u00e9n\u00e9rales &#187; Diemme Filtration","isPartOf":{"@id":"https:\/\/diemme.f-service.site\/fr\/#website"},"datePublished":"2022-01-26T09:40:54+00:00","dateModified":"2025-02-27T16:04:32+00:00","breadcrumb":{"@id":"https:\/\/diemme.f-service.site\/fr\/conditions-generales\/#breadcrumb"},"inLanguage":"fr-FR","potentialAction":[{"@type":"ReadAction","target":["https:\/\/diemme.f-service.site\/fr\/conditions-generales\/"]}]},{"@type":"BreadcrumbList","@id":"https:\/\/diemme.f-service.site\/fr\/conditions-generales\/#breadcrumb","itemListElement":[{"@type":"ListItem","position":1,"name":"Home","item":"https:\/\/diemme.f-service.site\/fr\/"},{"@type":"ListItem","position":2,"name":"Conditions g\u00e9n\u00e9rales"}]},{"@type":"WebSite","@id":"https:\/\/diemme.f-service.site\/fr\/#website","url":"https:\/\/diemme.f-service.site\/fr\/","name":"Diemme Filtration","description":"","publisher":{"@id":"https:\/\/diemme.f-service.site\/fr\/#organization"},"potentialAction":[{"@type":"SearchAction","target":{"@type":"EntryPoint","urlTemplate":"https:\/\/diemme.f-service.site\/fr\/?s={search_term_string}"},"query-input":{"@type":"PropertyValueSpecification","valueRequired":true,"valueName":"search_term_string"}}],"inLanguage":"fr-FR"},{"@type":"Organization","@id":"https:\/\/diemme.f-service.site\/fr\/#organization","name":"Aqseptence Group Srl (Diemme Filtration)","url":"https:\/\/diemme.f-service.site\/fr\/","logo":{"@type":"ImageObject","inLanguage":"fr-FR","@id":"https:\/\/diemme.f-service.site\/fr\/#\/schema\/logo\/image\/","url":"https:\/\/diemme.f-service.site\/wp-content\/uploads\/2022\/01\/diemme-filtration.png","contentUrl":"https:\/\/diemme.f-service.site\/wp-content\/uploads\/2022\/01\/diemme-filtration.png","width":359,"height":188,"caption":"Aqseptence Group Srl (Diemme Filtration)"},"image":{"@id":"https:\/\/diemme.f-service.site\/fr\/#\/schema\/logo\/image\/"},"sameAs":["https:\/\/www.facebook.com\/diemmefiltration\/","https:\/\/www.instagram.com\/diemmefiltration\/","https:\/\/it.linkedin.com\/company\/diemme-filtration\/","https:\/\/www.youtube.com\/channel\/UCikKsHCOe_iBLGg9k_1yr8g\/"]}]}},"_links":{"self":[{"href":"https:\/\/diemme.f-service.site\/fr\/wp-json\/wp\/v2\/pages\/4561","targetHints":{"allow":["GET"]}}],"collection":[{"href":"https:\/\/diemme.f-service.site\/fr\/wp-json\/wp\/v2\/pages"}],"about":[{"href":"https:\/\/diemme.f-service.site\/fr\/wp-json\/wp\/v2\/types\/page"}],"author":[{"embeddable":true,"href":"https:\/\/diemme.f-service.site\/fr\/wp-json\/wp\/v2\/users\/1"}],"replies":[{"embeddable":true,"href":"https:\/\/diemme.f-service.site\/fr\/wp-json\/wp\/v2\/comments?post=4561"}],"version-history":[{"count":3,"href":"https:\/\/diemme.f-service.site\/fr\/wp-json\/wp\/v2\/pages\/4561\/revisions"}],"predecessor-version":[{"id":9967,"href":"https:\/\/diemme.f-service.site\/fr\/wp-json\/wp\/v2\/pages\/4561\/revisions\/9967"}],"wp:attachment":[{"href":"https:\/\/diemme.f-service.site\/fr\/wp-json\/wp\/v2\/media?parent=4561"}],"curies":[{"name":"wp","href":"https:\/\/api.w.org\/{rel}","templated":true}]}}