{"id":1911,"date":"2022-01-26T10:40:54","date_gmt":"2022-01-26T09:40:54","guid":{"rendered":"https:\/\/diemme.f-service.site\/terms-and-conditions\/"},"modified":"2024-12-04T16:37:42","modified_gmt":"2024-12-04T15:37:42","slug":"terminos-y-condiciones","status":"publish","type":"page","link":"https:\/\/diemme.f-service.site\/es\/terminos-y-condiciones\/","title":{"rendered":"T\u00e9rminos y condiciones"},"content":{"rendered":"<div class=\"wpb-content-wrapper\">[vc_row][vc_column]<style>.vcex-breadcrumbs.vcex_69e10a12ef479{font-size:14px;}<\/style><nav class=\"vcex-breadcrumbs vcex-breadcrumbs--links-inherit-color wpex-mb-40 vc_custom_1644222626347 vcex_69e10a12ef479\"><span class=\"trail-begin\"><a href=\"https:\/\/diemme.f-service.site\/es\/\" rel=\"home\"><span>Inicio<\/span><\/a><\/span><\/nav><h1 class=\"vcex-heading vcex-heading-plain vcex-module wpex-heading wpex-text-2xl wpex-h1 wpex-mb-50 wpex-text-center\"><span class=\"vcex-heading-inner wpex-inline-block\">T\u00e9rminos y condiciones<\/span><\/h1>[\/vc_column][\/vc_row][vc_row css=\u00bb.vc_custom_1643729272946{padding-bottom: 30px !important;}\u00bb][vc_column]<style>.vcex-icon-box.vcex_69e10a12f1dc7 .vcex-icon-box-content{color:var(--wpex-accent);}.vcex-icon-box.vcex_69e10a12f1dc7 .vcex-icon-box-heading{margin-bottom:0px;color:#191919;font-size:18px;font-family:'Roboto Slab', sans-serif;font-weight:400;}.vcex-icon-box.vcex_69e10a12f1dc7 .vcex-icon-box-image{width:45px;}<\/style><a class=\"vcex-module vcex-icon-box vcex-icon-box-one vcex-icon-box-has-link wpex-inherit-color wpex-no-underline wpex-flex wpex-items-center wpex-mb-30 wpex-text-left vcex_69e10a12f1dc7\" href=\"https:\/\/diemme.f-service.site\/wp-content\/uploads\/2023\/12\/General-Purchase-conditions-Diemme-Filtration-ENG_rev2023.pdf\" target=\"_blank\" rel=\"noopener noreferrer\"><div class=\"vcex-icon-box-symbol vcex-icon-box-symbol--image wpex-flex-shrink-0 wpex-mr-20\"><img loading=\"lazy\" class=\"vcex-icon-box-image wpex-align-middle\" decoding=\"async\" src=\"https:\/\/diemme.f-service.site\/wp-content\/uploads\/2022\/02\/mdi_download-outline-45x45.png\" alt=\"\" srcset=\"https:\/\/diemme.f-service.site\/wp-content\/uploads\/2022\/02\/mdi_download-outline-45x45.png 45w, https:\/\/diemme.f-service.site\/wp-content\/uploads\/2022\/02\/mdi_download-outline.png 90w, https:\/\/diemme.f-service.site\/wp-content\/uploads\/2022\/02\/mdi_download-outline-45x45@2x.png 2x\" width=\"45\" height=\"45\"><\/div><div class=\"vcex-icon-box-text wpex-flex-grow\"><div class=\"vcex-icon-box-heading wpex-heading\">Condiciones generales de compra<\/div><div class=\"vcex-icon-box-content wpex-last-mb-0 wpex-clr\"><p>Download (PDF, 113 KB)<\/p>\n<\/div><\/div><\/a><style>.vcex-icon-box.vcex_69e10a12f385e .vcex-icon-box-content{color:var(--wpex-accent);}.vcex-icon-box.vcex_69e10a12f385e .vcex-icon-box-heading{margin-bottom:0px;color:#191919;font-size:18px;font-family:'Roboto Slab', sans-serif;font-weight:400;}.vcex-icon-box.vcex_69e10a12f385e .vcex-icon-box-image{width:45px;}<\/style><a class=\"vcex-module vcex-icon-box vcex-icon-box-one vcex-icon-box-has-link wpex-inherit-color wpex-no-underline wpex-flex wpex-items-center wpex-mb-30 wpex-text-left vcex_69e10a12f385e\" href=\"https:\/\/diemme.f-service.site\/wp-content\/uploads\/2024\/12\/Aqseptence-Group_Code-of-Conduct_2019_December.pdf\" target=\"_blank\" rel=\"noopener noreferrer\"><div class=\"vcex-icon-box-symbol vcex-icon-box-symbol--image wpex-flex-shrink-0 wpex-mr-20\"><img loading=\"lazy\" class=\"vcex-icon-box-image wpex-align-middle\" decoding=\"async\" src=\"https:\/\/diemme.f-service.site\/wp-content\/uploads\/2022\/02\/mdi_download-outline-45x45.png\" alt=\"\" srcset=\"https:\/\/diemme.f-service.site\/wp-content\/uploads\/2022\/02\/mdi_download-outline-45x45.png 45w, https:\/\/diemme.f-service.site\/wp-content\/uploads\/2022\/02\/mdi_download-outline.png 90w, https:\/\/diemme.f-service.site\/wp-content\/uploads\/2022\/02\/mdi_download-outline-45x45@2x.png 2x\" width=\"45\" height=\"45\"><\/div><div class=\"vcex-icon-box-text wpex-flex-grow\"><div class=\"vcex-icon-box-heading wpex-heading\">C\u00f3digo de conducta (Aqseptence Group)<\/div><div class=\"vcex-icon-box-content wpex-last-mb-0 wpex-clr\"><p>Download (PDF, 177 KB)<\/p>\n<\/div><\/div><\/a><style>.vcex-icon-box.vcex_69e10a1300470 .vcex-icon-box-content{color:var(--wpex-accent);}.vcex-icon-box.vcex_69e10a1300470 .vcex-icon-box-heading{margin-bottom:0px;color:#191919;font-size:18px;font-family:'Roboto Slab', sans-serif;font-weight:400;}.vcex-icon-box.vcex_69e10a1300470 .vcex-icon-box-image{width:45px;}<\/style><a class=\"vcex-module vcex-icon-box vcex-icon-box-one vcex-icon-box-has-link wpex-inherit-color wpex-no-underline wpex-flex wpex-items-center wpex-mb-30 wpex-text-left vcex_69e10a1300470\" href=\"https:\/\/diemme.f-service.site\/wp-content\/uploads\/2022\/04\/Code-of-Conduct-Aqseptence-Group.pdf\" target=\"_blank\" rel=\"noopener noreferrer\"><div class=\"vcex-icon-box-symbol vcex-icon-box-symbol--image wpex-flex-shrink-0 wpex-mr-20\"><img loading=\"lazy\" class=\"vcex-icon-box-image wpex-align-middle\" decoding=\"async\" src=\"https:\/\/diemme.f-service.site\/wp-content\/uploads\/2022\/02\/mdi_download-outline-45x45.png\" alt=\"\" srcset=\"https:\/\/diemme.f-service.site\/wp-content\/uploads\/2022\/02\/mdi_download-outline-45x45.png 45w, https:\/\/diemme.f-service.site\/wp-content\/uploads\/2022\/02\/mdi_download-outline.png 90w, https:\/\/diemme.f-service.site\/wp-content\/uploads\/2022\/02\/mdi_download-outline-45x45@2x.png 2x\" width=\"45\" height=\"45\"><\/div><div class=\"vcex-icon-box-text wpex-flex-grow\"><div class=\"vcex-icon-box-heading wpex-heading\">C\u00f3digo de conducta para proveedores<\/div><div class=\"vcex-icon-box-content wpex-last-mb-0 wpex-clr\"><p>Download (PDF, 113 KB)<\/p>\n<\/div><\/div><\/a><style>.vcex-icon-box.vcex_69e10a1301f6d .vcex-icon-box-content{color:var(--wpex-accent);}.vcex-icon-box.vcex_69e10a1301f6d .vcex-icon-box-heading{margin-bottom:0px;color:#191919;font-size:18px;font-family:'Roboto Slab', sans-serif;font-weight:400;}.vcex-icon-box.vcex_69e10a1301f6d .vcex-icon-box-image{width:45px;}<\/style><a class=\"vcex-module vcex-icon-box vcex-icon-box-one vcex-icon-box-has-link wpex-inherit-color wpex-no-underline wpex-flex wpex-items-center wpex-mb-30 wpex-text-left vcex_69e10a1301f6d\" href=\"https:\/\/diemme.f-service.site\/wp-content\/uploads\/2024\/03\/TC-of-Sales-EN-Diemme-Filtration-S.r.l.-Italy_20_03_2024.pdf\" target=\"_blank\" rel=\"noopener noreferrer\"><div class=\"vcex-icon-box-symbol vcex-icon-box-symbol--image wpex-flex-shrink-0 wpex-mr-20\"><img loading=\"lazy\" class=\"vcex-icon-box-image wpex-align-middle\" decoding=\"async\" src=\"https:\/\/diemme.f-service.site\/wp-content\/uploads\/2022\/02\/mdi_download-outline-45x45.png\" alt=\"\" srcset=\"https:\/\/diemme.f-service.site\/wp-content\/uploads\/2022\/02\/mdi_download-outline-45x45.png 45w, https:\/\/diemme.f-service.site\/wp-content\/uploads\/2022\/02\/mdi_download-outline.png 90w, https:\/\/diemme.f-service.site\/wp-content\/uploads\/2022\/02\/mdi_download-outline-45x45@2x.png 2x\" width=\"45\" height=\"45\"><\/div><div class=\"vcex-icon-box-text wpex-flex-grow\"><div class=\"vcex-icon-box-heading wpex-heading\">Condiciones generales de venta<\/div><div class=\"vcex-icon-box-content wpex-last-mb-0 wpex-clr\"><p>Download (PDF, 137 KB)<\/p>\n<\/div><\/div><\/a><style>.vcex-icon-box.vcex_69e10a130401a .vcex-icon-box-content{color:var(--wpex-accent);}.vcex-icon-box.vcex_69e10a130401a .vcex-icon-box-heading{margin-bottom:0px;color:#191919;font-size:18px;font-family:'Roboto Slab', sans-serif;font-weight:400;}.vcex-icon-box.vcex_69e10a130401a .vcex-icon-box-image{width:45px;}<\/style><a class=\"vcex-module vcex-icon-box vcex-icon-box-one vcex-icon-box-has-link wpex-inherit-color wpex-no-underline wpex-flex wpex-items-center wpex-mb-30 wpex-text-left vcex_69e10a130401a\" href=\"https:\/\/diemme.f-service.site\/wp-content\/uploads\/2022\/09\/12-18-months-warranty-Diemme_Filtration_ES.pdf\" target=\"_blank\" rel=\"noopener noreferrer\"><div class=\"vcex-icon-box-symbol vcex-icon-box-symbol--image wpex-flex-shrink-0 wpex-mr-20\"><img loading=\"lazy\" class=\"vcex-icon-box-image wpex-align-middle\" decoding=\"async\" src=\"https:\/\/diemme.f-service.site\/wp-content\/uploads\/2022\/02\/mdi_download-outline-45x45.png\" alt=\"\" srcset=\"https:\/\/diemme.f-service.site\/wp-content\/uploads\/2022\/02\/mdi_download-outline-45x45.png 45w, https:\/\/diemme.f-service.site\/wp-content\/uploads\/2022\/02\/mdi_download-outline.png 90w, https:\/\/diemme.f-service.site\/wp-content\/uploads\/2022\/02\/mdi_download-outline-45x45@2x.png 2x\" width=\"45\" height=\"45\"><\/div><div class=\"vcex-icon-box-text wpex-flex-grow\"><div class=\"vcex-icon-box-heading wpex-heading\">Garant\u00eda de 12\/18 meses<\/div><div class=\"vcex-icon-box-content wpex-last-mb-0 wpex-clr\"><p>Download (PDF, 116 KB)<\/p>\n<\/div><\/div><\/a>[\/vc_column][\/vc_row][vc_row remove_bottom_col_margin=\u00bbtrue\u00bb][vc_column]<div class=\"templatera_shortcode\"><style type=\"text\/css\" data-type=\"vc_shortcodes-custom-css\">.vc_custom_1644307626027{padding-top: 90px !important;padding-bottom: 90px !important;background-image: url(https:\/\/diemme.f-service.site\/wp-content\/uploads\/2022\/01\/CTA-academy-diemme.jpg?id=553) !important;background-position: center !important;background-repeat: no-repeat !important;background-size: cover !important;}<\/style><div class=\"vc_row wpb_row vc_row-fluid vc_custom_1644307626027 wpex-vc-full-width-row wpex-vc-full-width-row--centered wpex-relative wpex-vc_row-has-fill no-bottom-margins wpex-vc-reset-negative-margin wpex-has-overlay wpex-has-overlay--69e10a1307a5a\"><div class=\"wpex-bg-overlay-wrap wpex-absolute wpex-inset-0 wpex-rounded-inherit\"><style class=\"wpex-bg-overlay-css\">.wpex-has-overlay--69e10a1307a5a > .wpex-bg-overlay-wrap .wpex-bg-overlay{background-color:#000000;opacity:0.3;}<\/style><span class=\"wpex-bg-overlay color wpex-absolute wpex-inset-0 wpex-rounded-inherit wpex-duration-500 wpex-opacity-60 wpex-bg-black\"><\/span><\/div><div class=\"wpb_column vc_column_container vc_col-sm-12\"><div class=\"vc_column-inner\"><div class=\"wpb_wrapper\"><style>.vcex-heading.vcex_69e10a1308b98{color:#ffffff;font-size:65px;}@media (max-width:1024px){.vcex-heading.vcex_69e10a1308b98{font-size:60px;}}@media (max-width:959px){.vcex-heading.vcex_69e10a1308b98{font-size:55px;}}@media (max-width:767px){.vcex-heading.vcex_69e10a1308b98{font-size:40px;}}<\/style><h3 class=\"vcex-heading vcex-heading-plain vcex-module wpex-heading wpex-text-2xl wpex-h3 wpex-mb-50 wpex-text-center vcex_69e10a1308b98\"><span class=\"vcex-heading-inner wpex-inline-block\">Descubra las actividades<br \/>\r\nde nuestra Academy<\/span><\/h3><div class=\"theme-button-wrap textcenter wpex-clr\"><a href=\"https:\/\/academy.diemmefiltration.com\/es\/acceder\/\" class=\"vcex-button theme-button align-center inline white-border\" title=\"Academy\" target=\"_blank\" rel=\"noopener noreferrer\"><span class=\"vcex-button-inner theme-button-inner wpex-flex wpex-flex-wrap wpex-items-center wpex-justify-center\">Ir a<span class=\"vcex-button-icon vcex-icon-wrap theme-button-icon-right\"><span aria-hidden=\"true\" class=\"vc-material vc-material-arrow_forward\"><\/span><\/span><\/span><\/a><\/div> <\/div><\/div><\/div><\/div>\r\n<\/div>[\/vc_column][\/vc_row]\n<\/div>","protected":false},"excerpt":{"rendered":"InicioT\u00e9rminos y condicionesCondiciones generales de compraDownload (PDF, 113 KB) C\u00f3digo de conducta (Aqseptence Group)Download (PDF, 177 KB) C\u00f3digo de conducta para proveedoresDownload (PDF, 113 KB) Condiciones generales de ventaDownload (PDF, 137 KB) Garant\u00eda de 12\/18 mesesDownload (PDF, 116 KB) Descubra las actividades de nuestra AcademyIr a","protected":false},"author":1,"featured_media":0,"parent":0,"menu_order":0,"comment_status":"closed","ping_status":"closed","template":"","meta":{"_acf_changed":false,"inline_featured_image":false,"footnotes":""},"class_list":["post-1911","page","type-page","status-publish","hentry","entry","no-media"],"acf":[],"yoast_head":"<!-- This site is optimized with the Yoast SEO plugin v26.5 - https:\/\/yoast.com\/wordpress\/plugins\/seo\/ -->\n<title>T\u00e9rminos y condiciones &#187; Diemme Filtration<\/title>\n<meta name=\"robots\" content=\"noindex, follow, max-snippet:-1, max-image-preview:large, max-video-preview:-1\" \/>\n<meta property=\"og:locale\" content=\"es_ES\" \/>\n<meta property=\"og:type\" content=\"article\" \/>\n<meta property=\"og:title\" content=\"T\u00e9rminos y condiciones &#187; Diemme Filtration\" \/>\n<meta property=\"og:url\" content=\"https:\/\/diemme.f-service.site\/es\/terminos-y-condiciones\/\" \/>\n<meta property=\"og:site_name\" content=\"Diemme Filtration\" \/>\n<meta property=\"article:publisher\" content=\"https:\/\/www.facebook.com\/diemmefiltration\/\" \/>\n<meta property=\"article:modified_time\" content=\"2024-12-04T15:37:42+00:00\" \/>\n<meta property=\"og:image\" content=\"https:\/\/diemme.f-service.site\/wp-content\/uploads\/2022\/02\/slider-home-1.jpg\" \/>\n\t<meta property=\"og:image:width\" content=\"1600\" \/>\n\t<meta property=\"og:image:height\" content=\"800\" \/>\n\t<meta property=\"og:image:type\" content=\"image\/jpeg\" \/>\n<meta name=\"twitter:card\" content=\"summary_large_image\" \/>\n<script type=\"application\/ld+json\" class=\"yoast-schema-graph\">{\"@context\":\"https:\/\/schema.org\",\"@graph\":[{\"@type\":\"WebPage\",\"@id\":\"https:\/\/diemme.f-service.site\/es\/terminos-y-condiciones\/\",\"url\":\"https:\/\/diemme.f-service.site\/es\/terminos-y-condiciones\/\",\"name\":\"T\u00e9rminos y condiciones &#187; Diemme Filtration\",\"isPartOf\":{\"@id\":\"https:\/\/diemme.f-service.site\/es\/#website\"},\"datePublished\":\"2022-01-26T09:40:54+00:00\",\"dateModified\":\"2024-12-04T15:37:42+00:00\",\"breadcrumb\":{\"@id\":\"https:\/\/diemme.f-service.site\/es\/terminos-y-condiciones\/#breadcrumb\"},\"inLanguage\":\"es\",\"potentialAction\":[{\"@type\":\"ReadAction\",\"target\":[\"https:\/\/diemme.f-service.site\/es\/terminos-y-condiciones\/\"]}]},{\"@type\":\"BreadcrumbList\",\"@id\":\"https:\/\/diemme.f-service.site\/es\/terminos-y-condiciones\/#breadcrumb\",\"itemListElement\":[{\"@type\":\"ListItem\",\"position\":1,\"name\":\"Home\",\"item\":\"https:\/\/diemme.f-service.site\/es\/\"},{\"@type\":\"ListItem\",\"position\":2,\"name\":\"T\u00e9rminos y condiciones\"}]},{\"@type\":\"WebSite\",\"@id\":\"https:\/\/diemme.f-service.site\/es\/#website\",\"url\":\"https:\/\/diemme.f-service.site\/es\/\",\"name\":\"Diemme Filtration\",\"description\":\"\",\"publisher\":{\"@id\":\"https:\/\/diemme.f-service.site\/es\/#organization\"},\"potentialAction\":[{\"@type\":\"SearchAction\",\"target\":{\"@type\":\"EntryPoint\",\"urlTemplate\":\"https:\/\/diemme.f-service.site\/es\/?s={search_term_string}\"},\"query-input\":{\"@type\":\"PropertyValueSpecification\",\"valueRequired\":true,\"valueName\":\"search_term_string\"}}],\"inLanguage\":\"es\"},{\"@type\":\"Organization\",\"@id\":\"https:\/\/diemme.f-service.site\/es\/#organization\",\"name\":\"Aqseptence Group Srl (Diemme Filtration)\",\"url\":\"https:\/\/diemme.f-service.site\/es\/\",\"logo\":{\"@type\":\"ImageObject\",\"inLanguage\":\"es\",\"@id\":\"https:\/\/diemme.f-service.site\/es\/#\/schema\/logo\/image\/\",\"url\":\"https:\/\/diemme.f-service.site\/wp-content\/uploads\/2022\/01\/diemme-filtration.png\",\"contentUrl\":\"https:\/\/diemme.f-service.site\/wp-content\/uploads\/2022\/01\/diemme-filtration.png\",\"width\":359,\"height\":188,\"caption\":\"Aqseptence Group Srl (Diemme Filtration)\"},\"image\":{\"@id\":\"https:\/\/diemme.f-service.site\/es\/#\/schema\/logo\/image\/\"},\"sameAs\":[\"https:\/\/www.facebook.com\/diemmefiltration\/\",\"https:\/\/www.instagram.com\/diemmefiltration\/\",\"https:\/\/it.linkedin.com\/company\/diemme-filtration\/\",\"https:\/\/www.youtube.com\/channel\/UCikKsHCOe_iBLGg9k_1yr8g\/\"]}]}<\/script>\n<!-- \/ Yoast SEO plugin. -->","yoast_head_json":{"title":"T\u00e9rminos y condiciones &#187; Diemme Filtration","robots":{"index":"noindex","follow":"follow","max-snippet":"max-snippet:-1","max-image-preview":"max-image-preview:large","max-video-preview":"max-video-preview:-1"},"og_locale":"es_ES","og_type":"article","og_title":"T\u00e9rminos y condiciones &#187; Diemme Filtration","og_url":"https:\/\/diemme.f-service.site\/es\/terminos-y-condiciones\/","og_site_name":"Diemme Filtration","article_publisher":"https:\/\/www.facebook.com\/diemmefiltration\/","article_modified_time":"2024-12-04T15:37:42+00:00","og_image":[{"width":1600,"height":800,"url":"https:\/\/diemme.f-service.site\/wp-content\/uploads\/2022\/02\/slider-home-1.jpg","type":"image\/jpeg"}],"twitter_card":"summary_large_image","schema":{"@context":"https:\/\/schema.org","@graph":[{"@type":"WebPage","@id":"https:\/\/diemme.f-service.site\/es\/terminos-y-condiciones\/","url":"https:\/\/diemme.f-service.site\/es\/terminos-y-condiciones\/","name":"T\u00e9rminos y condiciones &#187; Diemme Filtration","isPartOf":{"@id":"https:\/\/diemme.f-service.site\/es\/#website"},"datePublished":"2022-01-26T09:40:54+00:00","dateModified":"2024-12-04T15:37:42+00:00","breadcrumb":{"@id":"https:\/\/diemme.f-service.site\/es\/terminos-y-condiciones\/#breadcrumb"},"inLanguage":"es","potentialAction":[{"@type":"ReadAction","target":["https:\/\/diemme.f-service.site\/es\/terminos-y-condiciones\/"]}]},{"@type":"BreadcrumbList","@id":"https:\/\/diemme.f-service.site\/es\/terminos-y-condiciones\/#breadcrumb","itemListElement":[{"@type":"ListItem","position":1,"name":"Home","item":"https:\/\/diemme.f-service.site\/es\/"},{"@type":"ListItem","position":2,"name":"T\u00e9rminos y condiciones"}]},{"@type":"WebSite","@id":"https:\/\/diemme.f-service.site\/es\/#website","url":"https:\/\/diemme.f-service.site\/es\/","name":"Diemme Filtration","description":"","publisher":{"@id":"https:\/\/diemme.f-service.site\/es\/#organization"},"potentialAction":[{"@type":"SearchAction","target":{"@type":"EntryPoint","urlTemplate":"https:\/\/diemme.f-service.site\/es\/?s={search_term_string}"},"query-input":{"@type":"PropertyValueSpecification","valueRequired":true,"valueName":"search_term_string"}}],"inLanguage":"es"},{"@type":"Organization","@id":"https:\/\/diemme.f-service.site\/es\/#organization","name":"Aqseptence Group Srl (Diemme Filtration)","url":"https:\/\/diemme.f-service.site\/es\/","logo":{"@type":"ImageObject","inLanguage":"es","@id":"https:\/\/diemme.f-service.site\/es\/#\/schema\/logo\/image\/","url":"https:\/\/diemme.f-service.site\/wp-content\/uploads\/2022\/01\/diemme-filtration.png","contentUrl":"https:\/\/diemme.f-service.site\/wp-content\/uploads\/2022\/01\/diemme-filtration.png","width":359,"height":188,"caption":"Aqseptence Group Srl (Diemme Filtration)"},"image":{"@id":"https:\/\/diemme.f-service.site\/es\/#\/schema\/logo\/image\/"},"sameAs":["https:\/\/www.facebook.com\/diemmefiltration\/","https:\/\/www.instagram.com\/diemmefiltration\/","https:\/\/it.linkedin.com\/company\/diemme-filtration\/","https:\/\/www.youtube.com\/channel\/UCikKsHCOe_iBLGg9k_1yr8g\/"]}]}},"_links":{"self":[{"href":"https:\/\/diemme.f-service.site\/es\/wp-json\/wp\/v2\/pages\/1911","targetHints":{"allow":["GET"]}}],"collection":[{"href":"https:\/\/diemme.f-service.site\/es\/wp-json\/wp\/v2\/pages"}],"about":[{"href":"https:\/\/diemme.f-service.site\/es\/wp-json\/wp\/v2\/types\/page"}],"author":[{"embeddable":true,"href":"https:\/\/diemme.f-service.site\/es\/wp-json\/wp\/v2\/users\/1"}],"replies":[{"embeddable":true,"href":"https:\/\/diemme.f-service.site\/es\/wp-json\/wp\/v2\/comments?post=1911"}],"version-history":[{"count":3,"href":"https:\/\/diemme.f-service.site\/es\/wp-json\/wp\/v2\/pages\/1911\/revisions"}],"predecessor-version":[{"id":9971,"href":"https:\/\/diemme.f-service.site\/es\/wp-json\/wp\/v2\/pages\/1911\/revisions\/9971"}],"wp:attachment":[{"href":"https:\/\/diemme.f-service.site\/es\/wp-json\/wp\/v2\/media?parent=1911"}],"curies":[{"name":"wp","href":"https:\/\/api.w.org\/{rel}","templated":true}]}}