{"id":5038,"date":"2022-01-18T11:59:21","date_gmt":"2022-01-18T10:59:21","guid":{"rendered":"https:\/\/diemme.f-service.site\/assistenza-trattamento-fanghi\/"},"modified":"2024-07-30T11:56:17","modified_gmt":"2024-07-30T09:56:17","slug":"support-schlammbehandlung","status":"publish","type":"page","link":"https:\/\/diemme.f-service.site\/de\/support-schlammbehandlung\/","title":{"rendered":"Kundenbetreuung"},"content":{"rendered":"<div class=\"wpb-content-wrapper\">[vc_row full_width=&#8220;stretch_row&#8220; content_placement=&#8220;middle&#8220; wpex_post_thumbnail_bg=&#8220;true&#8220; wpex_bg_overlay=&#8220;color&#8220; min_height=&#8220;560px&#8220; css=&#8220;.vc_custom_1643811157395{background-position: 0 0 !important;background-repeat: no-repeat !important;}&#8220; wpex_bg_position=&#8220;center center&#8220; wpex_bg_size=&#8220;cover&#8220; wpex_bg_overlay_color=&#8220;#000000&#8243; wpex_bg_overlay_opacity=&#8220;0.3&#8243;][vc_column width=&#8220;5\/6&#8243; offset=&#8220;vc_col-md-8&#8243;]<style>.vcex-heading.vcex_69e1239178d65{color:#ffffff;}<\/style><h1 class=\"vcex-heading vcex-heading-plain vcex-module wpex-heading wpex-text-2xl wpex-h1 vcex_69e1239178d65\"><span class=\"vcex-heading-inner wpex-inline-block\">Kundenbetreuung<\/span><\/h1>[\/vc_column][\/vc_row][vc_row][vc_column]<style>.vcex-breadcrumbs.vcex_69e123917a2f3{font-size:14px;}<\/style><nav class=\"vcex-breadcrumbs vcex-breadcrumbs--links-inherit-color vc_custom_1643811357800 vcex_69e123917a2f3\"><span class=\"trail-begin\"><a href=\"https:\/\/diemme.f-service.site\/de\/\" rel=\"home\"><span>Home<\/span><\/a><\/span><\/nav>[\/vc_column][\/vc_row][vc_row css=&#8220;.vc_custom_1720687889530{padding-top: 45px !important;padding-bottom: 30px !important;}&#8220;][vc_column offset=&#8220;vc_col-md-8&#8243;][vc_column_text css=&#8220;&#8220;]\n<div class=\"flex-shrink-0 flex flex-col relative items-end\">\n<div class=\"pt-0\">\n<div class=\"gizmo-bot-avatar flex h-8 w-8 items-center justify-center overflow-hidden rounded-full\">\n<div>Die Filterpressen von Diemme Filtration sind zuverl\u00e4ssig, leistungsf\u00e4hig und sicher. Um einen <strong>optimalen Betrieb<\/strong> und eine lange Lebensdauer zu gew\u00e4hrleisten, ist es wichtig, ihre Eigenschaften zu verstehen, die notwendige Pflege zu gew\u00e4hrleisten und eine routinem\u00e4\u00dfige Wartung durchzuf\u00fchren. Daher bietet unser <strong>Kundendienst<\/strong> umfassende, ma\u00dfgeschneiderte L\u00f6sungen, die auf drei Schl\u00fcsselprinzipien basieren.<\/div>\n<\/div>\n<\/div>\n<\/div>\n[\/vc_column_text][\/vc_column][\/vc_row][vc_row][vc_column width=&#8220;1\/3&#8243;]<div class=\"vcex-module vcex-teaser vcex-teaser-two wpex-flex wpex-flex-col wpex-text-center wpex-surface-2 wpex-p-20 wpex-rounded\" style=\"background:var(--wpex-palette-21-color);\"><div class=\"vcex-teaser-content\"><h2 class=\"vcex-teaser-heading wpex-heading wpex-text-lg\">Proaktivit\u00e4t<\/h2><div class=\"vcex-teaser-text wpex-mt-10 wpex-last-mb-0 wpex-clr\"><p>Dank der <strong>IIoT-Technologien<\/strong> \u00fcberwachen wir kontinuierlich den Status, die Effizienz und den Energieverbrauch der Maschinen Ihrer Anlage. So k\u00f6nnen wir Anomalien oder St\u00f6rungen vorhersagen und <strong>vorbeugende Ma\u00dfnahmen<\/strong> ergreifen, wodurch Ausfallzeiten und potenzielle Reparaturkosten reduziert werden.<\/p>\n<\/div><\/div><\/div>[\/vc_column][vc_column width=&#8220;1\/3&#8243;]<style>.vcex-teaser.vcex_69e123917be69 .vcex-teaser-heading{color:#000000;}.vcex-teaser.vcex_69e123917be69 .vcex-teaser-content{background:var(--wpex-palette-21-color);}.vcex-teaser.vcex_69e123917be69 .vcex-teaser-text{color:var(--wpex-palette-17-color);}<\/style><div class=\"vcex-module vcex-teaser vcex-teaser-two wpex-flex wpex-flex-col wpex-text-center wpex-surface-2 wpex-p-20 wpex-rounded vcex_69e123917be69\" style=\"background:var(--wpex-palette-21-color);\"><div class=\"vcex-teaser-content\"><h2 class=\"vcex-teaser-heading wpex-heading wpex-text-lg\">Zusammenarbeit<\/h2><div class=\"vcex-teaser-text wpex-mt-10 wpex-last-mb-0 wpex-clr\"><p>Wir bieten kontinuierlichen, pers\u00f6nlichen Support. Unsere Experten stehen Ihnen per Telefon, Chat oder Videoanruf zur Verf\u00fcgung, um Sie zu unterst\u00fctzen, zu beraten oder zu schulen, und sind bei Bedarf auch vor Ort f\u00fcr Sie da. Dar\u00fcber hinaus bieten wir ein <strong>Schulungsprogramm<\/strong> an, das Ihnen hilft, Routineaufgaben selbstst\u00e4ndig zu erledigen.<\/p>\n<\/div><\/div><\/div>[\/vc_column][vc_column width=&#8220;1\/3&#8243;]<div class=\"vcex-module vcex-teaser vcex-teaser-two wpex-flex wpex-flex-col wpex-text-center wpex-surface-2 wpex-p-20 wpex-rounded\" style=\"background:var(--wpex-palette-21-color);\"><div class=\"vcex-teaser-content\"><h2 class=\"vcex-teaser-heading wpex-heading wpex-text-lg\">Innovation<\/h2><div class=\"vcex-teaser-text wpex-mt-10 wpex-last-mb-0 wpex-clr\"><p>Unser Ziel ist es, exzellenten, auf Ihre Bed\u00fcrfnisse zugeschnittenen Service zu bieten und dabei das gesamte Potenzial neuer Technologien auszusch\u00f6pfen. Deshalb setzen wir <strong>fortschrittliche Tools f\u00fcr Diagnose<\/strong>, <strong>vorausschauende Wartung<\/strong> und <strong>Fehlerbehebung <\/strong>ein. Dieser Ansatz erm\u00f6glicht es uns, wirksam einzugreifen, Risiken zu verringern und die Maschinenleistung zu optimieren.<\/p>\n<\/div><\/div><\/div>[\/vc_column][\/vc_row][vc_row gap=&#8220;30&#8243; equal_height=&#8220;yes&#8220; css=&#8220;.vc_custom_1720452583614{margin-bottom: 0px !important;padding-bottom: 0px !important;}&#8220;][vc_column width=&#8220;1\/2&#8243; css=&#8220;.vc_custom_1720452555538{margin-bottom: 0px !important;border-top-width: 2px !important;border-right-width: 2px !important;border-bottom-width: 2px !important;border-left-width: 2px !important;padding-top: 30px !important;padding-right: 30px !important;padding-bottom: 30px !important;padding-left: 30px !important;border-left-style: solid !important;border-right-style: solid !important;border-top-style: solid !important;border-bottom-style: solid !important;border-color: #000000 !important;}&#8220;]<figure class=\"vcex-image vcex-module wpex-text-center\"><div class=\"vcex-image-inner wpex-relative wpex-inline-block\"><img loading=\"lazy\" class=\"vcex-image-img wpex-align-middle\" decoding=\"async\" src=\"https:\/\/diemme.f-service.site\/wp-content\/uploads\/2024\/06\/icona-assistenza.png\" alt=\"\" width=\"150\" height=\"151\"><\/div><\/figure>[vc_column_text css=&#8220;.vc_custom_1722333265938{padding-bottom: 30px !important;}&#8220; text_align=&#8220;center&#8220; el_class=&#8220;titolo-assistenza&#8220;]\n<h4 style=\"text-align: center;\"><strong>Unterst\u00fctzung<\/strong><\/h4>\n[\/vc_column_text]<a href=\"https:\/\/diemme.f-service.site\/de\/antrag-auf-unterstuetzung\/\" class=\"vcex-button theme-button inline\" title=\"Assistance\"><span class=\"vcex-button-inner theme-button-inner wpex-flex wpex-flex-wrap wpex-items-center wpex-justify-center\">Ein Ticket er\u00f6ffnen<span class=\"vcex-button-icon vcex-icon-wrap theme-button-icon-right\"><span aria-hidden=\"true\" class=\"vc-material vc-material-arrow_forward\"><\/span><\/span><\/span><\/a> [\/vc_column][vc_column width=&#8220;1\/2&#8243; css=&#8220;.vc_custom_1721633717725{margin-bottom: 0px !important;padding-top: 40px !important;padding-right: 30px !important;padding-bottom: 30px !important;padding-left: 30px !important;background-color: #0ee5be !important;}&#8220;]<figure class=\"vcex-image vcex-module wpex-text-center\"><div class=\"vcex-image-inner wpex-relative wpex-inline-block vc_custom_1721633793508\"><img loading=\"lazy\" class=\"vcex-image-img wpex-align-middle\" decoding=\"async\" src=\"https:\/\/diemme.f-service.site\/wp-content\/uploads\/2024\/07\/Marchio-Aida_Completo-Negativo_WebVideo-RGB-180x175.png\" alt=\"\" srcset=\"https:\/\/diemme.f-service.site\/wp-content\/uploads\/2024\/07\/Marchio-Aida_Completo-Negativo_WebVideo-RGB-180x175.png 180w, https:\/\/diemme.f-service.site\/wp-content\/uploads\/2024\/07\/Marchio-Aida_Completo-Negativo_WebVideo-RGB-300x292.png 300w, https:\/\/diemme.f-service.site\/wp-content\/uploads\/2024\/07\/Marchio-Aida_Completo-Negativo_WebVideo-RGB-180x175@2x.png 360w, https:\/\/diemme.f-service.site\/wp-content\/uploads\/2024\/07\/Marchio-Aida_Completo-Negativo_WebVideo-RGB.png 568w, https:\/\/diemme.f-service.site\/wp-content\/uploads\/2024\/07\/Marchio-Aida_Completo-Negativo_WebVideo-RGB-180x175@2x.png 2x\" width=\"180\" height=\"175\"><\/div><\/figure><style>.vcex-button.vcex_69e123917f160:hover{background:var(--wpex-palette-21-color)!important;color:currentColor!important;}.vcex-button.vcex_69e123917f160{color:var(--wpex-palette-17-color)!important;}<\/style><a href=\"https:\/\/diemme.f-service.site\/de\/aida-service\/\" class=\"vcex-button theme-button white inline vcex_69e123917f160\" title=\"Academy\"><span class=\"vcex-button-inner theme-button-inner wpex-flex wpex-flex-wrap wpex-items-center wpex-justify-center\">AIDA entdecken<span class=\"vcex-button-icon vcex-icon-wrap theme-button-icon-right\"><span aria-hidden=\"true\" class=\"vc-material vc-material-arrow_forward\"><\/span><\/span><\/span><\/a> [\/vc_column][\/vc_row][vc_row gap=&#8220;30&#8243; equal_height=&#8220;yes&#8220; css=&#8220;.vc_custom_1720688313813{margin-top: 0px !important;padding-top: 0px !important;padding-bottom: 80px !important;}&#8220;][vc_column width=&#8220;1\/2&#8243; css=&#8220;.vc_custom_1720449965706{padding-top: 30px !important;padding-right: 30px !important;padding-bottom: 30px !important;padding-left: 30px !important;background-color: #0ee5be !important;}&#8220;]<figure class=\"vcex-image vcex-module wpex-text-center\"><div class=\"vcex-image-inner wpex-relative wpex-inline-block\"><img loading=\"lazy\" class=\"vcex-image-img wpex-align-middle\" decoding=\"async\" src=\"https:\/\/diemme.f-service.site\/wp-content\/uploads\/2024\/07\/spare-b.png\" alt=\"\" width=\"150\" height=\"150\"><\/div><\/figure>[vc_column_text css=&#8220;.vc_custom_1722333322865{padding-bottom: 30px !important;}&#8220; text_align=&#8220;center&#8220; el_class=&#8220;titolo-assistenza&#8220;]\n<h4 style=\"text-align: center;\"><span style=\"color: #ffffff;\">Ersatzteile<\/span><\/h4>\n[\/vc_column_text]<style>.vcex-button.vcex_69e123918009d:hover{background:var(--wpex-palette-21-color)!important;color:currentColor!important;}.vcex-button.vcex_69e123918009d{color:var(--wpex-palette-17-color)!important;}<\/style><a href=\"https:\/\/aqseptence.ricambio.net\/site\/pagece5.wplus?ID_COUNT=ce_5_login&#038;CEPV=Aqseptence002&#038;CEME=2&#038;LN=4&#038;CELN=4\" class=\"vcex-button theme-button white inline vcex_69e123918009d\" target=\"_blank\" rel=\"noopener noreferrer\"><span class=\"vcex-button-inner theme-button-inner wpex-flex wpex-flex-wrap wpex-items-center wpex-justify-center\">Online-Katalog<span class=\"vcex-button-icon vcex-icon-wrap theme-button-icon-right\"><span aria-hidden=\"true\" class=\"vc-material vc-material-arrow_forward\"><\/span><\/span><\/span><\/a> [\/vc_column][vc_column width=&#8220;1\/2&#8243; css=&#8220;.vc_custom_1720688288113{border-top-width: 2px !important;border-right-width: 2px !important;border-bottom-width: 2px !important;border-left-width: 2px !important;padding-top: 40px !important;padding-right: 30px !important;padding-bottom: 30px !important;padding-left: 30px !important;border-left-style: solid !important;border-right-style: solid !important;border-top-style: solid !important;border-bottom-style: solid !important;border-color: #000000 !important;}&#8220;]<figure class=\"vcex-image vcex-module wpex-text-center\"><div class=\"vcex-image-inner wpex-relative wpex-inline-block vc_custom_1720452255013\"><img loading=\"lazy\" class=\"vcex-image-img wpex-align-middle\" decoding=\"async\" src=\"https:\/\/diemme.f-service.site\/wp-content\/uploads\/2022\/02\/MarchioAcademy_NoDefinizione-Colore-RGB-1-150x179.png\" alt=\"\" srcset=\"https:\/\/diemme.f-service.site\/wp-content\/uploads\/2022\/02\/MarchioAcademy_NoDefinizione-Colore-RGB-1-150x179.png 150w, https:\/\/diemme.f-service.site\/wp-content\/uploads\/2022\/02\/MarchioAcademy_NoDefinizione-Colore-RGB-1-252x300.png 252w, https:\/\/diemme.f-service.site\/wp-content\/uploads\/2022\/02\/MarchioAcademy_NoDefinizione-Colore-RGB-1-504x600.png 504w, https:\/\/diemme.f-service.site\/wp-content\/uploads\/2022\/02\/MarchioAcademy_NoDefinizione-Colore-RGB-1-120x143.png 120w, https:\/\/diemme.f-service.site\/wp-content\/uploads\/2022\/02\/MarchioAcademy_NoDefinizione-Colore-RGB-1-120x143@2x.png 240w, https:\/\/diemme.f-service.site\/wp-content\/uploads\/2022\/02\/MarchioAcademy_NoDefinizione-Colore-RGB-1-150x179@2x.png 300w, https:\/\/diemme.f-service.site\/wp-content\/uploads\/2022\/02\/MarchioAcademy_NoDefinizione-Colore-RGB-1.png 567w, https:\/\/diemme.f-service.site\/wp-content\/uploads\/2022\/02\/MarchioAcademy_NoDefinizione-Colore-RGB-1-150x179@2x.png 2x\" width=\"150\" height=\"179\"><\/div><\/figure><style>.vcex-button.vcex_69e123918118c:hover{background:var(--wpex-accent)!important;color:currentColor!important;}.vcex-button.vcex_69e123918118c{color:currentColor!important;}<\/style><a href=\"https:\/\/academy.diemmefiltration.com\/login\/\" class=\"vcex-button theme-button inline vcex_69e123918118c\" title=\"Academy\" target=\"_blank\" rel=\"noopener noreferrer\"><span class=\"vcex-button-inner theme-button-inner wpex-flex wpex-flex-wrap wpex-items-center wpex-justify-center\">Zur Academy gehen<span class=\"vcex-button-icon vcex-icon-wrap theme-button-icon-right\"><span aria-hidden=\"true\" class=\"vc-material vc-material-arrow_forward\"><\/span><\/span><\/span><\/a> [\/vc_column][\/vc_row][vc_row remove_bottom_col_margin=&#8220;true&#8220;][vc_column]<div class=\"vcex-shortcode wpex-clr\"><div id=\"contattaci\" class=\"vc_row wpb_row vc_row-fluid vc_row-o-equal-height vc_row-flex wpex-cols-right wpex-vc-full-width-row wpex-vc-full-width-row--centered no-bottom-margins\" style=\"padding-top: 120px; padding-bottom: 150px;\"><div class=\"wpb_column vc_column_container vc_col-sm-6\"><div class=\"vc_column-inner\" style=\"min-height: 250px;\"><div class=\"wpb_wrapper wpex-bg-cover wpex-bg-no-repeat wpex-bg-center wpex-h-100\" style=\"background-image: url(\/wp-content\/uploads\/2023\/02\/richiedi-consulenza-Diemme-3.jpg);\"><\/div><\/div><\/div><div class=\"wpb_column vc_column_container vc_col-sm-6\"><div style=\"min-height: 400px;\" class=\"vc_column-inner\"><div style=\"background-color: #191919; border-width: 50px;\" class=\"wpb_wrapper wpex-h-100 wpex-border-accent wpex-border-solid wpex-p-20 wpex-flex wpex-flex-col wpex-justify-end wpex-items-start\"><h3 class=\"vcex-heading wpex-text-2xl wpex-mb-40 wpex-text-accent\">An einer Meinung unserer Spezialisten interessiert?<\/h3><a href=\"\/it\/contatti\/\" class=\"vcex-button theme-button inline white-border\"><span class=\"theme-button-inner\">Kontakt<span class=\"vcex-icon-wrap theme-button-icon-right\"><span class=\"vc-material vc-material-arrow_forward\"><\/span><\/span><\/span><\/a><\/div><\/div><\/div><\/div><div class=\"vc_row-full-width vc_clearfix\"><\/div><\/div>[\/vc_column][\/vc_row]\n<\/div>","protected":false},"excerpt":{"rendered":"<p>[vc_row full_width=&#8220;stretch_row&#8220; content_placement=&#8220;middle&#8220; wpex_post_thumbnail_bg=&#8220;true&#8220; wpex_bg_overlay=&#8220;color&#8220; min_height=&#8220;560px&#8220; css=&#8220;.vc_custom_1643811157395{background-position: 0 0 !important;background-repeat: no-repeat !important;}&#8220; wpex_bg_position=&#8220;center center&#8220; wpex_bg_size=&#8220;cover&#8220; wpex_bg_overlay_color=&#8220;#000000&#8243; wpex_bg_overlay_opacity=&#8220;0.3&#8243;][vc_column width=&#8220;5\/6&#8243; offset=&#8220;vc_col-md-8&#8243;][\/vc_column][\/vc_row][vc_row][vc_column][\/vc_column][\/vc_row][vc_row css=&#8220;.vc_custom_1720687889530{padding-top: 45px !important;padding-bottom: 30px !important;}&#8220;][vc_column offset=&#8220;vc_col-md-8&#8243;][vc_column_text css=&#8220;&#8220;] Die Filterpressen von Diemme Filtration sind zuverl\u00e4ssig, leistungsf\u00e4hig und sicher. Um einen optimalen Betrieb und eine lange Lebensdauer zu gew\u00e4hrleisten, ist es wichtig, ihre Eigenschaften zu verstehen, die notwendige&hellip;<\/p>\n","protected":false},"author":1,"featured_media":2306,"parent":0,"menu_order":0,"comment_status":"closed","ping_status":"closed","template":"","meta":{"_acf_changed":false,"inline_featured_image":false,"footnotes":""},"class_list":["post-5038","page","type-page","status-publish","has-post-thumbnail","hentry","entry","has-media"],"acf":[],"yoast_head":"<!-- This site is optimized with the Yoast SEO plugin v26.5 - https:\/\/yoast.com\/wordpress\/plugins\/seo\/ -->\n<title>Support bei der Schlammbehandlung: maximale Effizienz mit Diemme Filtration<\/title>\n<meta name=\"description\" content=\"Der Diemme Filtration Kundendienst stellt dem Unternehmen die Bestleistungen des eigenen Fest-Fl\u00fcssig-Trennsystems bereit.\" \/>\n<meta name=\"robots\" content=\"noindex, follow, max-snippet:-1, max-image-preview:large, max-video-preview:-1\" \/>\n<meta property=\"og:locale\" content=\"de_DE\" \/>\n<meta property=\"og:type\" content=\"article\" \/>\n<meta property=\"og:title\" content=\"Support bei der Schlammbehandlung: maximale Effizienz mit Diemme Filtration\" \/>\n<meta property=\"og:description\" content=\"Der Diemme Filtration Kundendienst stellt dem Unternehmen die Bestleistungen des eigenen Fest-Fl\u00fcssig-Trennsystems bereit.\" \/>\n<meta property=\"og:url\" content=\"https:\/\/diemme.f-service.site\/de\/support-schlammbehandlung\/\" \/>\n<meta property=\"og:site_name\" content=\"Diemme Filtration\" \/>\n<meta property=\"article:publisher\" content=\"https:\/\/www.facebook.com\/diemmefiltration\/\" \/>\n<meta property=\"article:modified_time\" content=\"2024-07-30T09:56:17+00:00\" \/>\n<meta property=\"og:image\" content=\"https:\/\/diemme.f-service.site\/wp-content\/uploads\/2022\/01\/AFTER-SALES.jpeg\" \/>\n\t<meta property=\"og:image:width\" content=\"1600\" \/>\n\t<meta property=\"og:image:height\" content=\"759\" \/>\n\t<meta property=\"og:image:type\" content=\"image\/jpeg\" \/>\n<meta name=\"twitter:card\" content=\"summary_large_image\" \/>\n<script type=\"application\/ld+json\" class=\"yoast-schema-graph\">{\"@context\":\"https:\/\/schema.org\",\"@graph\":[{\"@type\":\"WebPage\",\"@id\":\"https:\/\/diemme.f-service.site\/de\/support-schlammbehandlung\/\",\"url\":\"https:\/\/diemme.f-service.site\/de\/support-schlammbehandlung\/\",\"name\":\"Support bei der Schlammbehandlung: maximale Effizienz mit Diemme Filtration\",\"isPartOf\":{\"@id\":\"https:\/\/diemme.f-service.site\/de\/#website\"},\"primaryImageOfPage\":{\"@id\":\"https:\/\/diemme.f-service.site\/de\/support-schlammbehandlung\/#primaryimage\"},\"image\":{\"@id\":\"https:\/\/diemme.f-service.site\/de\/support-schlammbehandlung\/#primaryimage\"},\"thumbnailUrl\":\"https:\/\/diemme.f-service.site\/wp-content\/uploads\/2022\/01\/AFTER-SALES.jpeg\",\"datePublished\":\"2022-01-18T10:59:21+00:00\",\"dateModified\":\"2024-07-30T09:56:17+00:00\",\"description\":\"Der Diemme Filtration Kundendienst stellt dem Unternehmen die Bestleistungen des eigenen Fest-Fl\u00fcssig-Trennsystems bereit.\",\"breadcrumb\":{\"@id\":\"https:\/\/diemme.f-service.site\/de\/support-schlammbehandlung\/#breadcrumb\"},\"inLanguage\":\"de\",\"potentialAction\":[{\"@type\":\"ReadAction\",\"target\":[\"https:\/\/diemme.f-service.site\/de\/support-schlammbehandlung\/\"]}]},{\"@type\":\"ImageObject\",\"inLanguage\":\"de\",\"@id\":\"https:\/\/diemme.f-service.site\/de\/support-schlammbehandlung\/#primaryimage\",\"url\":\"https:\/\/diemme.f-service.site\/wp-content\/uploads\/2022\/01\/AFTER-SALES.jpeg\",\"contentUrl\":\"https:\/\/diemme.f-service.site\/wp-content\/uploads\/2022\/01\/AFTER-SALES.jpeg\",\"width\":1600,\"height\":759},{\"@type\":\"BreadcrumbList\",\"@id\":\"https:\/\/diemme.f-service.site\/de\/support-schlammbehandlung\/#breadcrumb\",\"itemListElement\":[{\"@type\":\"ListItem\",\"position\":1,\"name\":\"Home\",\"item\":\"https:\/\/diemme.f-service.site\/de\/\"},{\"@type\":\"ListItem\",\"position\":2,\"name\":\"Kundenbetreuung\"}]},{\"@type\":\"WebSite\",\"@id\":\"https:\/\/diemme.f-service.site\/de\/#website\",\"url\":\"https:\/\/diemme.f-service.site\/de\/\",\"name\":\"Diemme Filtration\",\"description\":\"\",\"publisher\":{\"@id\":\"https:\/\/diemme.f-service.site\/de\/#organization\"},\"potentialAction\":[{\"@type\":\"SearchAction\",\"target\":{\"@type\":\"EntryPoint\",\"urlTemplate\":\"https:\/\/diemme.f-service.site\/de\/?s={search_term_string}\"},\"query-input\":{\"@type\":\"PropertyValueSpecification\",\"valueRequired\":true,\"valueName\":\"search_term_string\"}}],\"inLanguage\":\"de\"},{\"@type\":\"Organization\",\"@id\":\"https:\/\/diemme.f-service.site\/de\/#organization\",\"name\":\"Aqseptence Group Srl (Diemme Filtration)\",\"url\":\"https:\/\/diemme.f-service.site\/de\/\",\"logo\":{\"@type\":\"ImageObject\",\"inLanguage\":\"de\",\"@id\":\"https:\/\/diemme.f-service.site\/de\/#\/schema\/logo\/image\/\",\"url\":\"https:\/\/diemme.f-service.site\/wp-content\/uploads\/2022\/01\/diemme-filtration.png\",\"contentUrl\":\"https:\/\/diemme.f-service.site\/wp-content\/uploads\/2022\/01\/diemme-filtration.png\",\"width\":359,\"height\":188,\"caption\":\"Aqseptence Group Srl (Diemme Filtration)\"},\"image\":{\"@id\":\"https:\/\/diemme.f-service.site\/de\/#\/schema\/logo\/image\/\"},\"sameAs\":[\"https:\/\/www.facebook.com\/diemmefiltration\/\",\"https:\/\/www.instagram.com\/diemmefiltration\/\",\"https:\/\/it.linkedin.com\/company\/diemme-filtration\/\",\"https:\/\/www.youtube.com\/channel\/UCikKsHCOe_iBLGg9k_1yr8g\/\"]}]}<\/script>\n<!-- \/ Yoast SEO plugin. -->","yoast_head_json":{"title":"Support bei der Schlammbehandlung: maximale Effizienz mit Diemme Filtration","description":"Der Diemme Filtration Kundendienst stellt dem Unternehmen die Bestleistungen des eigenen Fest-Fl\u00fcssig-Trennsystems bereit.","robots":{"index":"noindex","follow":"follow","max-snippet":"max-snippet:-1","max-image-preview":"max-image-preview:large","max-video-preview":"max-video-preview:-1"},"og_locale":"de_DE","og_type":"article","og_title":"Support bei der Schlammbehandlung: maximale Effizienz mit Diemme Filtration","og_description":"Der Diemme Filtration Kundendienst stellt dem Unternehmen die Bestleistungen des eigenen Fest-Fl\u00fcssig-Trennsystems bereit.","og_url":"https:\/\/diemme.f-service.site\/de\/support-schlammbehandlung\/","og_site_name":"Diemme Filtration","article_publisher":"https:\/\/www.facebook.com\/diemmefiltration\/","article_modified_time":"2024-07-30T09:56:17+00:00","og_image":[{"width":1600,"height":759,"url":"https:\/\/diemme.f-service.site\/wp-content\/uploads\/2022\/01\/AFTER-SALES.jpeg","type":"image\/jpeg"}],"twitter_card":"summary_large_image","schema":{"@context":"https:\/\/schema.org","@graph":[{"@type":"WebPage","@id":"https:\/\/diemme.f-service.site\/de\/support-schlammbehandlung\/","url":"https:\/\/diemme.f-service.site\/de\/support-schlammbehandlung\/","name":"Support bei der Schlammbehandlung: maximale Effizienz mit Diemme Filtration","isPartOf":{"@id":"https:\/\/diemme.f-service.site\/de\/#website"},"primaryImageOfPage":{"@id":"https:\/\/diemme.f-service.site\/de\/support-schlammbehandlung\/#primaryimage"},"image":{"@id":"https:\/\/diemme.f-service.site\/de\/support-schlammbehandlung\/#primaryimage"},"thumbnailUrl":"https:\/\/diemme.f-service.site\/wp-content\/uploads\/2022\/01\/AFTER-SALES.jpeg","datePublished":"2022-01-18T10:59:21+00:00","dateModified":"2024-07-30T09:56:17+00:00","description":"Der Diemme Filtration Kundendienst stellt dem Unternehmen die Bestleistungen des eigenen Fest-Fl\u00fcssig-Trennsystems bereit.","breadcrumb":{"@id":"https:\/\/diemme.f-service.site\/de\/support-schlammbehandlung\/#breadcrumb"},"inLanguage":"de","potentialAction":[{"@type":"ReadAction","target":["https:\/\/diemme.f-service.site\/de\/support-schlammbehandlung\/"]}]},{"@type":"ImageObject","inLanguage":"de","@id":"https:\/\/diemme.f-service.site\/de\/support-schlammbehandlung\/#primaryimage","url":"https:\/\/diemme.f-service.site\/wp-content\/uploads\/2022\/01\/AFTER-SALES.jpeg","contentUrl":"https:\/\/diemme.f-service.site\/wp-content\/uploads\/2022\/01\/AFTER-SALES.jpeg","width":1600,"height":759},{"@type":"BreadcrumbList","@id":"https:\/\/diemme.f-service.site\/de\/support-schlammbehandlung\/#breadcrumb","itemListElement":[{"@type":"ListItem","position":1,"name":"Home","item":"https:\/\/diemme.f-service.site\/de\/"},{"@type":"ListItem","position":2,"name":"Kundenbetreuung"}]},{"@type":"WebSite","@id":"https:\/\/diemme.f-service.site\/de\/#website","url":"https:\/\/diemme.f-service.site\/de\/","name":"Diemme Filtration","description":"","publisher":{"@id":"https:\/\/diemme.f-service.site\/de\/#organization"},"potentialAction":[{"@type":"SearchAction","target":{"@type":"EntryPoint","urlTemplate":"https:\/\/diemme.f-service.site\/de\/?s={search_term_string}"},"query-input":{"@type":"PropertyValueSpecification","valueRequired":true,"valueName":"search_term_string"}}],"inLanguage":"de"},{"@type":"Organization","@id":"https:\/\/diemme.f-service.site\/de\/#organization","name":"Aqseptence Group Srl (Diemme Filtration)","url":"https:\/\/diemme.f-service.site\/de\/","logo":{"@type":"ImageObject","inLanguage":"de","@id":"https:\/\/diemme.f-service.site\/de\/#\/schema\/logo\/image\/","url":"https:\/\/diemme.f-service.site\/wp-content\/uploads\/2022\/01\/diemme-filtration.png","contentUrl":"https:\/\/diemme.f-service.site\/wp-content\/uploads\/2022\/01\/diemme-filtration.png","width":359,"height":188,"caption":"Aqseptence Group Srl (Diemme Filtration)"},"image":{"@id":"https:\/\/diemme.f-service.site\/de\/#\/schema\/logo\/image\/"},"sameAs":["https:\/\/www.facebook.com\/diemmefiltration\/","https:\/\/www.instagram.com\/diemmefiltration\/","https:\/\/it.linkedin.com\/company\/diemme-filtration\/","https:\/\/www.youtube.com\/channel\/UCikKsHCOe_iBLGg9k_1yr8g\/"]}]}},"_links":{"self":[{"href":"https:\/\/diemme.f-service.site\/de\/wp-json\/wp\/v2\/pages\/5038","targetHints":{"allow":["GET"]}}],"collection":[{"href":"https:\/\/diemme.f-service.site\/de\/wp-json\/wp\/v2\/pages"}],"about":[{"href":"https:\/\/diemme.f-service.site\/de\/wp-json\/wp\/v2\/types\/page"}],"author":[{"embeddable":true,"href":"https:\/\/diemme.f-service.site\/de\/wp-json\/wp\/v2\/users\/1"}],"replies":[{"embeddable":true,"href":"https:\/\/diemme.f-service.site\/de\/wp-json\/wp\/v2\/comments?post=5038"}],"version-history":[{"count":3,"href":"https:\/\/diemme.f-service.site\/de\/wp-json\/wp\/v2\/pages\/5038\/revisions"}],"predecessor-version":[{"id":8366,"href":"https:\/\/diemme.f-service.site\/de\/wp-json\/wp\/v2\/pages\/5038\/revisions\/8366"}],"wp:featuredmedia":[{"embeddable":true,"href":"https:\/\/diemme.f-service.site\/de\/wp-json\/wp\/v2\/media\/2306"}],"wp:attachment":[{"href":"https:\/\/diemme.f-service.site\/de\/wp-json\/wp\/v2\/media?parent=5038"}],"curies":[{"name":"wp","href":"https:\/\/api.w.org\/{rel}","templated":true}]}}